{"id":18663,"date":"2022-12-19T15:44:16","date_gmt":"2022-12-19T14:44:16","guid":{"rendered":"https:\/\/na.dev.abetlaminati.com\/network\/"},"modified":"2025-09-17T14:16:55","modified_gmt":"2025-09-17T12:16:55","slug":"network","status":"publish","type":"page","link":"https:\/\/na.abetlaminati.com\/es\/network\/","title":{"rendered":"Network"},"content":{"rendered":"\t\t<div data-elementor-type=\"wp-page\" data-elementor-id=\"18663\" class=\"elementor elementor-18663 elementor-2180\" data-elementor-post-type=\"page\">\n\t\t\t\t\t\t<section class=\"elementor-section elementor-top-section elementor-element elementor-element-936c965 elementor-section-boxed elementor-section-height-default elementor-section-height-default\" data-id=\"936c965\" data-element_type=\"section\">\n\t\t\t\t\t\t<div class=\"elementor-container elementor-column-gap-default\">\n\t\t\t\t\t<div class=\"elementor-column elementor-col-50 elementor-top-column elementor-element elementor-element-e1e469f\" data-id=\"e1e469f\" data-element_type=\"column\">\n\t\t\t<div class=\"elementor-widget-wrap elementor-element-populated\">\n\t\t\t\t\t\t<div class=\"elementor-element elementor-element-23559ca elementor-widget elementor-widget-heading\" data-id=\"23559ca\" data-element_type=\"widget\" data-widget_type=\"heading.default\">\n\t\t\t\t<div class=\"elementor-widget-container\">\n\t\t\t\t\t<h2 class=\"elementor-heading-title elementor-size-default\">Red de ventas\n<\/h2>\t\t\t\t<\/div>\n\t\t\t\t<\/div>\n\t\t\t\t<div class=\"elementor-element elementor-element-1ef73bb elementor-widget elementor-widget-text-editor\" data-id=\"1ef73bb\" data-element_type=\"widget\" data-widget_type=\"text-editor.default\">\n\t\t\t\t<div class=\"elementor-widget-container\">\n\t\t\t\t\t\t\t\t\tNuestro equipo de t\u00e9cnicos profesionales est\u00e1 a su disposici\u00f3n y le acompa\u00f1ar\u00e1 para elaborar su proyecto con nuevas ideas y soluciones.\n\n\t\t\t\t\t\t\t\t<\/div>\n\t\t\t\t<\/div>\n\t\t\t\t\t<\/div>\n\t\t<\/div>\n\t\t\t\t<div class=\"elementor-column elementor-col-50 elementor-top-column elementor-element elementor-element-3a77980\" data-id=\"3a77980\" data-element_type=\"column\">\n\t\t\t<div class=\"elementor-widget-wrap elementor-element-populated\">\n\t\t\t\t\t\t<div class=\"elementor-element elementor-element-5dbc32f elementor-widget__width-initial elementor-widget elementor-widget-image\" data-id=\"5dbc32f\" data-element_type=\"widget\" data-widget_type=\"image.default\">\n\t\t\t\t<div class=\"elementor-widget-container\">\n\t\t\t\t\t\t\t\t\t\t\t\t\t\t\t<img fetchpriority=\"high\" decoding=\"async\" width=\"800\" height=\"800\" src=\"https:\/\/na.abetlaminati.com\/wp-content\/uploads\/sites\/8\/2023\/05\/icona-pagina_network-1024x1024.jpg\" class=\"attachment-large size-large wp-image-4426\" alt=\"\" srcset=\"https:\/\/na.abetlaminati.com\/wp-content\/uploads\/sites\/8\/2023\/05\/icona-pagina_network-1024x1024.jpg 1024w, https:\/\/na.abetlaminati.com\/wp-content\/uploads\/sites\/8\/2023\/05\/icona-pagina_network-300x300.jpg 300w, https:\/\/na.abetlaminati.com\/wp-content\/uploads\/sites\/8\/2023\/05\/icona-pagina_network-150x150.jpg 150w, https:\/\/na.abetlaminati.com\/wp-content\/uploads\/sites\/8\/2023\/05\/icona-pagina_network-768x768.jpg 768w, https:\/\/na.abetlaminati.com\/wp-content\/uploads\/sites\/8\/2023\/05\/icona-pagina_network.jpg 1500w\" sizes=\"(max-width: 800px) 100vw, 800px\" \/>\t\t\t\t\t\t\t\t\t\t\t\t\t\t\t<\/div>\n\t\t\t\t<\/div>\n\t\t\t\t\t<\/div>\n\t\t<\/div>\n\t\t\t\t\t<\/div>\n\t\t<\/section>\n\t\t\t\t<section class=\"elementor-section elementor-top-section elementor-element elementor-element-72d976d2 elementor-section-boxed elementor-section-height-default elementor-section-height-default\" data-id=\"72d976d2\" data-element_type=\"section\">\n\t\t\t\t\t\t<div class=\"elementor-container elementor-column-gap-default\">\n\t\t\t\t\t<div class=\"elementor-column elementor-col-50 elementor-top-column elementor-element elementor-element-5c3bec5a\" data-id=\"5c3bec5a\" data-element_type=\"column\">\n\t\t\t<div class=\"elementor-widget-wrap elementor-element-populated\">\n\t\t\t\t\t\t<div class=\"elementor-element elementor-element-142b7347 elementor-widget elementor-widget-heading\" data-id=\"142b7347\" data-element_type=\"widget\" data-widget_type=\"heading.default\">\n\t\t\t\t<div class=\"elementor-widget-container\">\n\t\t\t\t\t<h2 class=\"elementor-heading-title elementor-size-default\">Casa matriz\n<\/h2>\t\t\t\t<\/div>\n\t\t\t\t<\/div>\n\t\t\t\t<section class=\"elementor-section elementor-inner-section elementor-element elementor-element-12a18f6f elementor-section-boxed elementor-section-height-default elementor-section-height-default\" data-id=\"12a18f6f\" data-element_type=\"section\">\n\t\t\t\t\t\t<div class=\"elementor-container elementor-column-gap-default\">\n\t\t\t\t\t<div class=\"elementor-column elementor-col-50 elementor-inner-column elementor-element elementor-element-3b5ed067\" data-id=\"3b5ed067\" data-element_type=\"column\">\n\t\t\t<div class=\"elementor-widget-wrap elementor-element-populated\">\n\t\t\t\t\t\t<div class=\"elementor-element elementor-element-e6d5822 elementor-widget elementor-widget-heading\" data-id=\"e6d5822\" data-element_type=\"widget\" data-widget_type=\"heading.default\">\n\t\t\t\t<div class=\"elementor-widget-container\">\n\t\t\t\t\t<h5 class=\"elementor-heading-title elementor-size-default\">ABET LAMINATI S.p.A.<\/h5>\t\t\t\t<\/div>\n\t\t\t\t<\/div>\n\t\t\t\t<div class=\"elementor-element elementor-element-27e00c64 elementor-widget elementor-widget-text-editor\" data-id=\"27e00c64\" data-element_type=\"widget\" data-widget_type=\"text-editor.default\">\n\t\t\t\t<div class=\"elementor-widget-container\">\n\t\t\t\t\t\t\t\t\t<p>Viale Industria 21<br \/>12042 Bra (CN)<br \/>Italy<\/p><p>+39 0172 419111<br \/><a class=\"in-cell-link\" href=\"mailto:info@abetlaminati.com\" target=\"_blank\" rel=\"noopener\">info@abetlaminati.com<\/a><\/p>\t\t\t\t\t\t\t\t<\/div>\n\t\t\t\t<\/div>\n\t\t\t\t\t<\/div>\n\t\t<\/div>\n\t\t\t\t<div class=\"elementor-column elementor-col-50 elementor-inner-column elementor-element elementor-element-4e495db8\" data-id=\"4e495db8\" data-element_type=\"column\">\n\t\t\t<div class=\"elementor-widget-wrap elementor-element-populated\">\n\t\t\t\t\t\t<div class=\"elementor-element elementor-element-64422525 elementor-widget elementor-widget-heading\" data-id=\"64422525\" data-element_type=\"widget\" data-widget_type=\"heading.default\">\n\t\t\t\t<div class=\"elementor-widget-container\">\n\t\t\t\t\t<h5 class=\"elementor-heading-title elementor-size-default\">ABET USA Inc<\/h5>\t\t\t\t<\/div>\n\t\t\t\t<\/div>\n\t\t\t\t<div class=\"elementor-element elementor-element-7b0de17b elementor-widget elementor-widget-text-editor\" data-id=\"7b0de17b\" data-element_type=\"widget\" data-widget_type=\"text-editor.default\">\n\t\t\t\t<div class=\"elementor-widget-container\">\n\t\t\t\t\t\t\t\t\t<p>N48W37031 E. Wisconsin Ave<br \/>Oconomowoc, WI 53066-3146<br \/>United States<\/p><p>+1 262-567-4427<br \/><a class=\"in-cell-link\" href=\"mailto:sales.us@abetlaminati.com\" target=\"_blank\" rel=\"noopener\">sales.us@abetlaminati.com<\/a><\/p><div>\u00a0<\/div><div>\u00a0<\/div><div>\u00a0<\/div>\t\t\t\t\t\t\t\t<\/div>\n\t\t\t\t<\/div>\n\t\t\t\t\t<\/div>\n\t\t<\/div>\n\t\t\t\t\t<\/div>\n\t\t<\/section>\n\t\t\t\t\t<\/div>\n\t\t<\/div>\n\t\t\t\t<div class=\"elementor-column elementor-col-50 elementor-top-column elementor-element elementor-element-3145e004\" data-id=\"3145e004\" data-element_type=\"column\">\n\t\t\t<div class=\"elementor-widget-wrap elementor-element-populated\">\n\t\t\t\t\t\t\t<\/div>\n\t\t<\/div>\n\t\t\t\t\t<\/div>\n\t\t<\/section>\n\t\t\t\t<section class=\"elementor-section elementor-top-section elementor-element elementor-element-927e72f elementor-section-boxed elementor-section-height-default elementor-section-height-default\" data-id=\"927e72f\" data-element_type=\"section\">\n\t\t\t\t\t\t<div class=\"elementor-container elementor-column-gap-default\">\n\t\t\t\t\t<div class=\"elementor-column elementor-col-33 elementor-top-column elementor-element elementor-element-fca11de\" data-id=\"fca11de\" data-element_type=\"column\">\n\t\t\t<div class=\"elementor-widget-wrap elementor-element-populated\">\n\t\t\t\t\t\t<div class=\"elementor-element elementor-element-2aae417 elementor-widget elementor-widget-heading\" data-id=\"2aae417\" data-element_type=\"widget\" data-widget_type=\"heading.default\">\n\t\t\t\t<div class=\"elementor-widget-container\">\n\t\t\t\t\t<h2 class=\"elementor-heading-title elementor-size-default\">Sucursal<\/h2>\t\t\t\t<\/div>\n\t\t\t\t<\/div>\n\t\t\t\t\t<\/div>\n\t\t<\/div>\n\t\t\t\t<div class=\"elementor-column elementor-col-33 elementor-top-column elementor-element elementor-element-990620d\" data-id=\"990620d\" data-element_type=\"column\">\n\t\t\t<div class=\"elementor-widget-wrap\">\n\t\t\t\t\t\t\t<\/div>\n\t\t<\/div>\n\t\t\t\t<div class=\"elementor-column elementor-col-33 elementor-top-column elementor-element elementor-element-94adc31\" data-id=\"94adc31\" data-element_type=\"column\">\n\t\t\t<div class=\"elementor-widget-wrap\">\n\t\t\t\t\t\t\t<\/div>\n\t\t<\/div>\n\t\t\t\t\t<\/div>\n\t\t<\/section>\n\t\t\t\t<section class=\"elementor-section elementor-top-section elementor-element elementor-element-1331f83 elementor-section-boxed elementor-section-height-default elementor-section-height-default\" data-id=\"1331f83\" data-element_type=\"section\">\n\t\t\t\t\t\t<div class=\"elementor-container elementor-column-gap-default\">\n\t\t\t\t\t<div class=\"elementor-column elementor-col-33 elementor-top-column elementor-element elementor-element-317faf7\" data-id=\"317faf7\" data-element_type=\"column\">\n\t\t\t<div class=\"elementor-widget-wrap elementor-element-populated\">\n\t\t\t\t\t\t<div class=\"elementor-element elementor-element-aa0b774 elementor-widget elementor-widget-heading\" data-id=\"aa0b774\" data-element_type=\"widget\" data-widget_type=\"heading.default\">\n\t\t\t\t<div class=\"elementor-widget-container\">\n\t\t\t\t\t<h5 class=\"elementor-heading-title elementor-size-default\">Abet USA Inc.<\/h5>\t\t\t\t<\/div>\n\t\t\t\t<\/div>\n\t\t\t\t<div class=\"elementor-element elementor-element-50e6df8 elementor-widget elementor-widget-text-editor\" data-id=\"50e6df8\" data-element_type=\"widget\" data-widget_type=\"text-editor.default\">\n\t\t\t\t<div class=\"elementor-widget-container\">\n\t\t\t\t\t\t\t\t\t<p>60 West Sheffield Ave.<br \/>Englewood, NJ 07631<\/p><p>Toll Free 800.228.2238<br \/>Phone 201.541.0700<br \/>Fax 201.541.0701<br \/>e-mail <a class=\"in-cell-link\" href=\"mailto:sales.us@abetlaminati.com\" target=\"_blank\" rel=\"noopener\">sales.us@abetlaminati.com<\/a><\/p>\t\t\t\t\t\t\t\t<\/div>\n\t\t\t\t<\/div>\n\t\t\t\t\t<\/div>\n\t\t<\/div>\n\t\t\t\t<div class=\"elementor-column elementor-col-33 elementor-top-column elementor-element elementor-element-48af899\" data-id=\"48af899\" data-element_type=\"column\">\n\t\t\t<div class=\"elementor-widget-wrap elementor-element-populated\">\n\t\t\t\t\t\t<div class=\"elementor-element elementor-element-8ebab9b elementor-widget elementor-widget-heading\" data-id=\"8ebab9b\" data-element_type=\"widget\" data-widget_type=\"heading.default\">\n\t\t\t\t<div class=\"elementor-widget-container\">\n\t\t\t\t\t<h5 class=\"elementor-heading-title elementor-size-default\">Abet USA Inc.<\/h5>\t\t\t\t<\/div>\n\t\t\t\t<\/div>\n\t\t\t\t<div class=\"elementor-element elementor-element-184d99b elementor-widget elementor-widget-text-editor\" data-id=\"184d99b\" data-element_type=\"widget\" data-widget_type=\"text-editor.default\">\n\t\t\t\t<div class=\"elementor-widget-container\">\n\t\t\t\t\t\t\t\t\t<p>3415 Regatta Blvd.<br \/>Richmond, CA 94804<\/p><p>Toll Free 800.228.2238<br \/>e-mail <a class=\"in-cell-link\" href=\"mailto:sales.us@abetlaminati.com\" target=\"_blank\" rel=\"noopener\">sales.us@abetlaminati.com<\/a><\/p>\t\t\t\t\t\t\t\t<\/div>\n\t\t\t\t<\/div>\n\t\t\t\t\t<\/div>\n\t\t<\/div>\n\t\t\t\t<div class=\"elementor-column elementor-col-33 elementor-top-column elementor-element elementor-element-aec09ec\" data-id=\"aec09ec\" data-element_type=\"column\">\n\t\t\t<div class=\"elementor-widget-wrap elementor-element-populated\">\n\t\t\t\t\t\t<div class=\"elementor-element elementor-element-f7620d1 elementor-widget elementor-widget-heading\" data-id=\"f7620d1\" data-element_type=\"widget\" data-widget_type=\"heading.default\">\n\t\t\t\t<div class=\"elementor-widget-container\">\n\t\t\t\t\t<h5 class=\"elementor-heading-title elementor-size-default\">ABET Corporation<\/h5>\t\t\t\t<\/div>\n\t\t\t\t<\/div>\n\t\t\t\t<div class=\"elementor-element elementor-element-b167fdd elementor-widget elementor-widget-text-editor\" data-id=\"b167fdd\" data-element_type=\"widget\" data-widget_type=\"text-editor.default\">\n\t\t\t\t<div class=\"elementor-widget-container\">\n\t\t\t\t\t\t\t\t\t<p>5195 Timberlea Boulevard.<br \/>L4W 2S3 MISSISSAUGA, Ontario<\/p><p>Phone +1 905 624 7070<br \/>Toll Free 800 228 2238<br \/>e-mail <a class=\"in-cell-link\" href=\"mailto:sales.us@abetlaminati.com\" target=\"_blank\" rel=\"noopener\">sales.us@abetlaminati.com<\/a><\/p>\t\t\t\t\t\t\t\t<\/div>\n\t\t\t\t<\/div>\n\t\t\t\t\t<\/div>\n\t\t<\/div>\n\t\t\t\t\t<\/div>\n\t\t<\/section>\n\t\t\t\t<\/div>\n\t\t","protected":false},"excerpt":{"rendered":"<p>Red de ventas Nuestro equipo de t\u00e9cnicos profesionales est\u00e1 a su disposici\u00f3n y le acompa\u00f1ar\u00e1 para elaborar su proyecto con nuevas ideas y soluciones. Casa matriz ABET LAMINATI S.p.A. Viale Industria 2112042 Bra (CN)Italy +39 0172 419111info@abetlaminati.com ABET USA Inc N48W37031 E. Wisconsin AveOconomowoc, WI 53066-3146United States +1 262-567-4427sales.us@abetlaminati.com \u00a0\u00a0\u00a0 Sucursal Abet USA Inc. 60 [&hellip;]<\/p>\n","protected":false},"author":1,"featured_media":4426,"parent":0,"menu_order":0,"comment_status":"closed","ping_status":"closed","template":"","meta":{"_acf_changed":false,"footnotes":""},"class_list":["post-18663","page","type-page","status-publish","has-post-thumbnail","hentry"],"acf":[],"yoast_head":"<!-- This site is optimized with the Yoast SEO plugin v25.7 - https:\/\/yoast.com\/wordpress\/plugins\/seo\/ -->\n<title>Network - red de profesionales | ABET Laminati North America<\/title>\n<meta name=\"description\" content=\"Entra en el mundo Abet Laminati, trabaja con uno de los fabricantes m\u00e1s importantes de laminados decorativos.\" \/>\n<meta name=\"robots\" content=\"index, follow, max-snippet:-1, max-image-preview:large, max-video-preview:-1\" \/>\n<link rel=\"canonical\" href=\"https:\/\/na.abetlaminati.com\/es\/network\/\" \/>\n<meta property=\"og:locale\" content=\"es_ES\" \/>\n<meta property=\"og:type\" content=\"article\" \/>\n<meta property=\"og:title\" content=\"Network - red de profesionales | ABET Laminati North America\" \/>\n<meta property=\"og:description\" content=\"Entra en el mundo Abet Laminati, trabaja con uno de los fabricantes m\u00e1s importantes de laminados decorativos.\" \/>\n<meta property=\"og:url\" content=\"https:\/\/na.abetlaminati.com\/es\/network\/\" \/>\n<meta property=\"og:site_name\" content=\"ABET Laminati North America\" \/>\n<meta property=\"article:modified_time\" content=\"2025-09-17T12:16:55+00:00\" \/>\n<meta property=\"og:image\" content=\"https:\/\/na.abetlaminati.com\/wp-content\/uploads\/sites\/8\/2023\/05\/icona-pagina_network.jpg\" \/>\n\t<meta property=\"og:image:width\" content=\"1500\" \/>\n\t<meta property=\"og:image:height\" content=\"1500\" \/>\n\t<meta property=\"og:image:type\" content=\"image\/jpeg\" \/>\n<script type=\"application\/ld+json\" class=\"yoast-schema-graph\">{\"@context\":\"https:\/\/schema.org\",\"@graph\":[{\"@type\":\"WebPage\",\"@id\":\"https:\/\/na.abetlaminati.com\/es\/network\/\",\"url\":\"https:\/\/na.abetlaminati.com\/es\/network\/\",\"name\":\"Network - red de profesionales | ABET Laminati North America\",\"isPartOf\":{\"@id\":\"https:\/\/na.abetlaminati.com\/#website\"},\"primaryImageOfPage\":{\"@id\":\"https:\/\/na.abetlaminati.com\/es\/network\/#primaryimage\"},\"image\":{\"@id\":\"https:\/\/na.abetlaminati.com\/es\/network\/#primaryimage\"},\"thumbnailUrl\":\"https:\/\/na.abetlaminati.com\/wp-content\/uploads\/sites\/8\/2023\/05\/icona-pagina_network.jpg\",\"datePublished\":\"2022-12-19T14:44:16+00:00\",\"dateModified\":\"2025-09-17T12:16:55+00:00\",\"description\":\"Entra en el mundo Abet Laminati, trabaja con uno de los fabricantes m\u00e1s importantes de laminados decorativos.\",\"breadcrumb\":{\"@id\":\"https:\/\/na.abetlaminati.com\/es\/network\/#breadcrumb\"},\"inLanguage\":\"es\",\"potentialAction\":[{\"@type\":\"ReadAction\",\"target\":[\"https:\/\/na.abetlaminati.com\/es\/network\/\"]}]},{\"@type\":\"ImageObject\",\"inLanguage\":\"es\",\"@id\":\"https:\/\/na.abetlaminati.com\/es\/network\/#primaryimage\",\"url\":\"https:\/\/na.abetlaminati.com\/wp-content\/uploads\/sites\/8\/2023\/05\/icona-pagina_network.jpg\",\"contentUrl\":\"https:\/\/na.abetlaminati.com\/wp-content\/uploads\/sites\/8\/2023\/05\/icona-pagina_network.jpg\",\"width\":1500,\"height\":1500},{\"@type\":\"BreadcrumbList\",\"@id\":\"https:\/\/na.abetlaminati.com\/es\/network\/#breadcrumb\",\"itemListElement\":[{\"@type\":\"ListItem\",\"position\":1,\"name\":\"Home\",\"item\":\"https:\/\/na.abetlaminati.com\/es\/\"},{\"@type\":\"ListItem\",\"position\":2,\"name\":\"Network\"}]},{\"@type\":\"WebSite\",\"@id\":\"https:\/\/na.abetlaminati.com\/#website\",\"url\":\"https:\/\/na.abetlaminati.com\/\",\"name\":\"Abet Laminati\",\"description\":\"High-Quality Laminate Panels\",\"potentialAction\":[{\"@type\":\"SearchAction\",\"target\":{\"@type\":\"EntryPoint\",\"urlTemplate\":\"https:\/\/na.abetlaminati.com\/?s={search_term_string}\"},\"query-input\":{\"@type\":\"PropertyValueSpecification\",\"valueRequired\":true,\"valueName\":\"search_term_string\"}}],\"inLanguage\":\"es\"}]}<\/script>\n<!-- \/ Yoast SEO plugin. -->","yoast_head_json":{"title":"Network - red de profesionales | ABET Laminati North America","description":"Entra en el mundo Abet Laminati, trabaja con uno de los fabricantes m\u00e1s importantes de laminados decorativos.","robots":{"index":"index","follow":"follow","max-snippet":"max-snippet:-1","max-image-preview":"max-image-preview:large","max-video-preview":"max-video-preview:-1"},"canonical":"https:\/\/na.abetlaminati.com\/es\/network\/","og_locale":"es_ES","og_type":"article","og_title":"Network - red de profesionales | ABET Laminati North America","og_description":"Entra en el mundo Abet Laminati, trabaja con uno de los fabricantes m\u00e1s importantes de laminados decorativos.","og_url":"https:\/\/na.abetlaminati.com\/es\/network\/","og_site_name":"ABET Laminati North America","article_modified_time":"2025-09-17T12:16:55+00:00","og_image":[{"width":1500,"height":1500,"url":"https:\/\/na.abetlaminati.com\/wp-content\/uploads\/sites\/8\/2023\/05\/icona-pagina_network.jpg","type":"image\/jpeg"}],"schema":{"@context":"https:\/\/schema.org","@graph":[{"@type":"WebPage","@id":"https:\/\/na.abetlaminati.com\/es\/network\/","url":"https:\/\/na.abetlaminati.com\/es\/network\/","name":"Network - red de profesionales | ABET Laminati North America","isPartOf":{"@id":"https:\/\/na.abetlaminati.com\/#website"},"primaryImageOfPage":{"@id":"https:\/\/na.abetlaminati.com\/es\/network\/#primaryimage"},"image":{"@id":"https:\/\/na.abetlaminati.com\/es\/network\/#primaryimage"},"thumbnailUrl":"https:\/\/na.abetlaminati.com\/wp-content\/uploads\/sites\/8\/2023\/05\/icona-pagina_network.jpg","datePublished":"2022-12-19T14:44:16+00:00","dateModified":"2025-09-17T12:16:55+00:00","description":"Entra en el mundo Abet Laminati, trabaja con uno de los fabricantes m\u00e1s importantes de laminados decorativos.","breadcrumb":{"@id":"https:\/\/na.abetlaminati.com\/es\/network\/#breadcrumb"},"inLanguage":"es","potentialAction":[{"@type":"ReadAction","target":["https:\/\/na.abetlaminati.com\/es\/network\/"]}]},{"@type":"ImageObject","inLanguage":"es","@id":"https:\/\/na.abetlaminati.com\/es\/network\/#primaryimage","url":"https:\/\/na.abetlaminati.com\/wp-content\/uploads\/sites\/8\/2023\/05\/icona-pagina_network.jpg","contentUrl":"https:\/\/na.abetlaminati.com\/wp-content\/uploads\/sites\/8\/2023\/05\/icona-pagina_network.jpg","width":1500,"height":1500},{"@type":"BreadcrumbList","@id":"https:\/\/na.abetlaminati.com\/es\/network\/#breadcrumb","itemListElement":[{"@type":"ListItem","position":1,"name":"Home","item":"https:\/\/na.abetlaminati.com\/es\/"},{"@type":"ListItem","position":2,"name":"Network"}]},{"@type":"WebSite","@id":"https:\/\/na.abetlaminati.com\/#website","url":"https:\/\/na.abetlaminati.com\/","name":"Abet Laminati","description":"High-Quality Laminate Panels","potentialAction":[{"@type":"SearchAction","target":{"@type":"EntryPoint","urlTemplate":"https:\/\/na.abetlaminati.com\/?s={search_term_string}"},"query-input":{"@type":"PropertyValueSpecification","valueRequired":true,"valueName":"search_term_string"}}],"inLanguage":"es"}]}},"_links":{"self":[{"href":"https:\/\/na.abetlaminati.com\/es\/wp-json\/wp\/v2\/pages\/18663","targetHints":{"allow":["GET"]}}],"collection":[{"href":"https:\/\/na.abetlaminati.com\/es\/wp-json\/wp\/v2\/pages"}],"about":[{"href":"https:\/\/na.abetlaminati.com\/es\/wp-json\/wp\/v2\/types\/page"}],"author":[{"embeddable":true,"href":"https:\/\/na.abetlaminati.com\/es\/wp-json\/wp\/v2\/users\/1"}],"replies":[{"embeddable":true,"href":"https:\/\/na.abetlaminati.com\/es\/wp-json\/wp\/v2\/comments?post=18663"}],"version-history":[{"count":14,"href":"https:\/\/na.abetlaminati.com\/es\/wp-json\/wp\/v2\/pages\/18663\/revisions"}],"predecessor-version":[{"id":32220,"href":"https:\/\/na.abetlaminati.com\/es\/wp-json\/wp\/v2\/pages\/18663\/revisions\/32220"}],"wp:featuredmedia":[{"embeddable":true,"href":"https:\/\/na.abetlaminati.com\/es\/wp-json\/wp\/v2\/media\/4426"}],"wp:attachment":[{"href":"https:\/\/na.abetlaminati.com\/es\/wp-json\/wp\/v2\/media?parent=18663"}],"curies":[{"name":"wp","href":"https:\/\/api.w.org\/{rel}","templated":true}]}}