{"id":32146,"date":"2025-09-16T11:39:26","date_gmt":"2025-09-16T09:39:26","guid":{"rendered":"https:\/\/na.abetlaminati.com\/concealed-fastened-cf-system\/"},"modified":"2025-09-16T11:47:25","modified_gmt":"2025-09-16T09:47:25","slug":"sujetadores-ocultos","status":"publish","type":"page","link":"https:\/\/na.abetlaminati.com\/es\/sujetadores-ocultos\/","title":{"rendered":"Sujetadores Ocultos"},"content":{"rendered":"\t\t<div data-elementor-type=\"wp-page\" data-elementor-id=\"32146\" class=\"elementor elementor-32146 elementor-32139\" data-elementor-post-type=\"page\">\n\t\t\t\t\t\t<section class=\"elementor-section elementor-top-section elementor-element elementor-element-4e0db84 elementor-section-boxed elementor-section-height-default elementor-section-height-default\" data-id=\"4e0db84\" data-element_type=\"section\">\n\t\t\t\t\t\t<div class=\"elementor-container elementor-column-gap-default\">\n\t\t\t\t\t<div class=\"elementor-column elementor-col-50 elementor-top-column elementor-element elementor-element-1f476dbc\" data-id=\"1f476dbc\" data-element_type=\"column\">\n\t\t\t<div class=\"elementor-widget-wrap elementor-element-populated\">\n\t\t\t\t\t\t<div class=\"elementor-element elementor-element-1eaf7509 elementor-widget elementor-widget-heading\" data-id=\"1eaf7509\" data-element_type=\"widget\" data-widget_type=\"heading.default\">\n\t\t\t\t<div class=\"elementor-widget-container\">\n\t\t\t\t\t<h2 class=\"elementor-heading-title elementor-size-default\">Sujetadores Ocultos<\/h2>\t\t\t\t<\/div>\n\t\t\t\t<\/div>\n\t\t\t\t\t<\/div>\n\t\t<\/div>\n\t\t\t\t<div class=\"elementor-column elementor-col-50 elementor-top-column elementor-element elementor-element-3ffa1b7a\" data-id=\"3ffa1b7a\" data-element_type=\"column\">\n\t\t\t<div class=\"elementor-widget-wrap\">\n\t\t\t\t\t\t\t<\/div>\n\t\t<\/div>\n\t\t\t\t\t<\/div>\n\t\t<\/section>\n\t\t\t\t<section class=\"elementor-section elementor-top-section elementor-element elementor-element-3ee746a4 elementor-section-boxed elementor-section-height-default elementor-section-height-default\" data-id=\"3ee746a4\" data-element_type=\"section\">\n\t\t\t\t\t\t<div class=\"elementor-container elementor-column-gap-default\">\n\t\t\t\t\t<div class=\"elementor-column elementor-col-100 elementor-top-column elementor-element elementor-element-41e70e98\" data-id=\"41e70e98\" data-element_type=\"column\">\n\t\t\t<div class=\"elementor-widget-wrap elementor-element-populated\">\n\t\t\t\t\t\t<div class=\"elementor-element elementor-element-6cabd85d elementor-widget elementor-widget-image\" data-id=\"6cabd85d\" data-element_type=\"widget\" data-widget_type=\"image.default\">\n\t\t\t\t<div class=\"elementor-widget-container\">\n\t\t\t\t\t\t\t\t\t\t\t\t\t\t\t<img fetchpriority=\"high\" decoding=\"async\" width=\"2000\" height=\"1432\" src=\"https:\/\/na.abetlaminati.com\/wp-content\/uploads\/sites\/8\/2023\/11\/img-sito_meg-qsp_cf_1.jpg\" class=\"attachment-2048x2048 size-2048x2048 wp-image-21257\" alt=\"\" srcset=\"https:\/\/na.abetlaminati.com\/wp-content\/uploads\/sites\/8\/2023\/11\/img-sito_meg-qsp_cf_1.jpg 2000w, https:\/\/na.abetlaminati.com\/wp-content\/uploads\/sites\/8\/2023\/11\/img-sito_meg-qsp_cf_1-300x215.jpg 300w, https:\/\/na.abetlaminati.com\/wp-content\/uploads\/sites\/8\/2023\/11\/img-sito_meg-qsp_cf_1-1024x733.jpg 1024w, https:\/\/na.abetlaminati.com\/wp-content\/uploads\/sites\/8\/2023\/11\/img-sito_meg-qsp_cf_1-768x550.jpg 768w, https:\/\/na.abetlaminati.com\/wp-content\/uploads\/sites\/8\/2023\/11\/img-sito_meg-qsp_cf_1-1536x1100.jpg 1536w\" sizes=\"(max-width: 2000px) 100vw, 2000px\" \/>\t\t\t\t\t\t\t\t\t\t\t\t\t\t\t<\/div>\n\t\t\t\t<\/div>\n\t\t\t\t\t<\/div>\n\t\t<\/div>\n\t\t\t\t\t<\/div>\n\t\t<\/section>\n\t\t\t\t<section class=\"elementor-section elementor-top-section elementor-element elementor-element-63a2a998 elementor-section-boxed elementor-section-height-default elementor-section-height-default\" data-id=\"63a2a998\" data-element_type=\"section\">\n\t\t\t\t\t\t<div class=\"elementor-container elementor-column-gap-default\">\n\t\t\t\t\t<div class=\"elementor-column elementor-col-50 elementor-top-column elementor-element elementor-element-565b71d8\" data-id=\"565b71d8\" data-element_type=\"column\">\n\t\t\t<div class=\"elementor-widget-wrap elementor-element-populated\">\n\t\t\t\t\t\t<div class=\"elementor-element elementor-element-555e092d elementor-widget elementor-widget-text-editor\" data-id=\"555e092d\" data-element_type=\"widget\" data-widget_type=\"text-editor.default\">\n\t\t\t\t<div class=\"elementor-widget-container\">\n\t\t\t\t\t\t\t\t\tDise\u00f1o limpio y moderno.\nEl sistema de sujetadores ocultos (CF) de MEG QSP.\t\t\t\t\t\t\t\t<\/div>\n\t\t\t\t<\/div>\n\t\t\t\t\t<\/div>\n\t\t<\/div>\n\t\t\t\t<div class=\"elementor-column elementor-col-50 elementor-top-column elementor-element elementor-element-dc4e3f2\" data-id=\"dc4e3f2\" data-element_type=\"column\">\n\t\t\t<div class=\"elementor-widget-wrap elementor-element-populated\">\n\t\t\t\t\t\t<div class=\"elementor-element elementor-element-45a2d1e0 elementor-widget elementor-widget-text-editor\" data-id=\"45a2d1e0\" data-element_type=\"widget\" data-widget_type=\"text-editor.default\">\n\t\t\t\t<div class=\"elementor-widget-container\">\n\t\t\t\t\t\t\t\t\t<p>Paneles macizos con n\u00facleo fen\u00f3lico y sistema de fijaci\u00f3n oculto para uso como revestimiento exterior de junta abierta en un sistema de fachada ventilada. Los paneles se fijan a un sistema de subestructura de una pulgada con sujetadores ocultos.<\/p><p>Se requiere que los paneles arquitect\u00f3nicos MEG QSP tengan un flujo de aire sin obstrucciones detr\u00e1s del sistema de paneles.<\/p>\t\t\t\t\t\t\t\t<\/div>\n\t\t\t\t<\/div>\n\t\t\t\t\t<\/div>\n\t\t<\/div>\n\t\t\t\t\t<\/div>\n\t\t<\/section>\n\t\t\t\t<section class=\"elementor-section elementor-top-section elementor-element elementor-element-de7d337 elementor-section-boxed elementor-section-height-default elementor-section-height-default\" data-id=\"de7d337\" data-element_type=\"section\">\n\t\t\t\t\t\t<div class=\"elementor-container elementor-column-gap-default\">\n\t\t\t\t\t<div class=\"elementor-column elementor-col-100 elementor-top-column elementor-element elementor-element-4d7005ee\" data-id=\"4d7005ee\" data-element_type=\"column\">\n\t\t\t<div class=\"elementor-widget-wrap elementor-element-populated\">\n\t\t\t\t\t\t<div class=\"elementor-element elementor-element-60b1674 elementor-widget elementor-widget-image\" data-id=\"60b1674\" data-element_type=\"widget\" data-widget_type=\"image.default\">\n\t\t\t\t<div class=\"elementor-widget-container\">\n\t\t\t\t\t\t\t\t\t\t\t\t\t\t\t<img decoding=\"async\" width=\"1520\" height=\"912\" src=\"https:\/\/na.abetlaminati.com\/wp-content\/uploads\/sites\/8\/2023\/11\/img-sito_easy-meg_CF_scheme.jpg\" class=\"attachment-2048x2048 size-2048x2048 wp-image-21238\" alt=\"\" srcset=\"https:\/\/na.abetlaminati.com\/wp-content\/uploads\/sites\/8\/2023\/11\/img-sito_easy-meg_CF_scheme.jpg 1520w, https:\/\/na.abetlaminati.com\/wp-content\/uploads\/sites\/8\/2023\/11\/img-sito_easy-meg_CF_scheme-300x180.jpg 300w, https:\/\/na.abetlaminati.com\/wp-content\/uploads\/sites\/8\/2023\/11\/img-sito_easy-meg_CF_scheme-1024x614.jpg 1024w, https:\/\/na.abetlaminati.com\/wp-content\/uploads\/sites\/8\/2023\/11\/img-sito_easy-meg_CF_scheme-768x461.jpg 768w\" sizes=\"(max-width: 1520px) 100vw, 1520px\" \/>\t\t\t\t\t\t\t\t\t\t\t\t\t\t\t<\/div>\n\t\t\t\t<\/div>\n\t\t\t\t\t<\/div>\n\t\t<\/div>\n\t\t\t\t\t<\/div>\n\t\t<\/section>\n\t\t\t\t<section class=\"elementor-section elementor-top-section elementor-element elementor-element-2d0828ee elementor-section-boxed elementor-section-height-default elementor-section-height-default\" data-id=\"2d0828ee\" data-element_type=\"section\">\n\t\t\t\t\t\t<div class=\"elementor-container elementor-column-gap-default\">\n\t\t\t\t\t<div class=\"elementor-column elementor-col-50 elementor-top-column elementor-element elementor-element-6507b301\" data-id=\"6507b301\" data-element_type=\"column\">\n\t\t\t<div class=\"elementor-widget-wrap elementor-element-populated\">\n\t\t\t\t\t\t<div class=\"elementor-element elementor-element-7edaa4a2 elementor-widget elementor-widget-text-editor\" data-id=\"7edaa4a2\" data-element_type=\"widget\" data-widget_type=\"text-editor.default\">\n\t\t\t\t<div class=\"elementor-widget-container\">\n\t\t\t\t\t\t\t\t\tIdeal para paneles o tablones de gran formato instalados en paredes continuas.\t\t\t\t\t\t\t\t<\/div>\n\t\t\t\t<\/div>\n\t\t\t\t<div class=\"elementor-element elementor-element-1a08382c elementor-align-center elementor-widget__width-inherit elementor-widget elementor-widget-button\" data-id=\"1a08382c\" data-element_type=\"widget\" data-widget_type=\"button.default\">\n\t\t\t\t<div class=\"elementor-widget-container\">\n\t\t\t\t\t\t\t\t\t<div class=\"elementor-button-wrapper\">\n\t\t\t\t\t<a class=\"elementor-button elementor-button-link elementor-size-md\" href=\"https:\/\/abetlaminati.com\/wp-content\/uploads\/2025\/04\/Concealed-Fastened-CF-System-Installation-Instructions-3.5.25.pdf\" target=\"_blank\">\n\t\t\t\t\t\t<span class=\"elementor-button-content-wrapper\">\n\t\t\t\t\t\t\t\t\t<span class=\"elementor-button-text\">hoja de datos del producto<\/span>\n\t\t\t\t\t<\/span>\n\t\t\t\t\t<\/a>\n\t\t\t\t<\/div>\n\t\t\t\t\t\t\t\t<\/div>\n\t\t\t\t<\/div>\n\t\t\t\t\t<\/div>\n\t\t<\/div>\n\t\t\t\t<div class=\"elementor-column elementor-col-50 elementor-top-column elementor-element elementor-element-ccb0844\" data-id=\"ccb0844\" data-element_type=\"column\">\n\t\t\t<div class=\"elementor-widget-wrap elementor-element-populated\">\n\t\t\t\t\t\t<div class=\"elementor-element elementor-element-bed1e9b elementor-widget elementor-widget-text-editor\" data-id=\"bed1e9b\" data-element_type=\"widget\" data-widget_type=\"text-editor.default\">\n\t\t\t\t<div class=\"elementor-widget-container\">\n\t\t\t\t\t\t\t\t\t<p>Muestre una apariencia limpia y la belleza de los paneles ocultando los puntos de fijaci\u00f3n. Los paneles pueden fabricarse tanto en campo como en f\u00e1brica, en cualquier tama\u00f1o.<\/p><p><span style=\"font-size: 18px; letter-spacing: 0.03em; word-spacing: 0.07em;\">Para el sistema oculto (CF), se debe mantener una distancia m\u00ednima de 3\/8 \u2033 entre los tablones para adaptarse al movimiento higrot\u00e9rmico.<\/span><\/p>\t\t\t\t\t\t\t\t<\/div>\n\t\t\t\t<\/div>\n\t\t\t\t\t<\/div>\n\t\t<\/div>\n\t\t\t\t\t<\/div>\n\t\t<\/section>\n\t\t\t\t<section class=\"elementor-section elementor-top-section elementor-element elementor-element-2b3675ec elementor-section-boxed elementor-section-height-default elementor-section-height-default\" data-id=\"2b3675ec\" data-element_type=\"section\">\n\t\t\t\t\t\t<div class=\"elementor-container elementor-column-gap-default\">\n\t\t\t\t\t<div class=\"elementor-column elementor-col-100 elementor-top-column elementor-element elementor-element-66018eba\" data-id=\"66018eba\" data-element_type=\"column\">\n\t\t\t<div class=\"elementor-widget-wrap elementor-element-populated\">\n\t\t\t\t\t\t<div class=\"elementor-element elementor-element-58a947ab elementor-widget elementor-widget-image\" data-id=\"58a947ab\" data-element_type=\"widget\" data-widget_type=\"image.default\">\n\t\t\t\t<div class=\"elementor-widget-container\">\n\t\t\t\t\t\t\t\t\t\t\t\t\t\t\t<img decoding=\"async\" width=\"2000\" height=\"1432\" src=\"https:\/\/na.abetlaminati.com\/wp-content\/uploads\/sites\/8\/2023\/11\/img-sito_meg-qsp_cf_2.jpg\" class=\"attachment-2048x2048 size-2048x2048 wp-image-21260\" alt=\"\" srcset=\"https:\/\/na.abetlaminati.com\/wp-content\/uploads\/sites\/8\/2023\/11\/img-sito_meg-qsp_cf_2.jpg 2000w, https:\/\/na.abetlaminati.com\/wp-content\/uploads\/sites\/8\/2023\/11\/img-sito_meg-qsp_cf_2-300x215.jpg 300w, https:\/\/na.abetlaminati.com\/wp-content\/uploads\/sites\/8\/2023\/11\/img-sito_meg-qsp_cf_2-1024x733.jpg 1024w, https:\/\/na.abetlaminati.com\/wp-content\/uploads\/sites\/8\/2023\/11\/img-sito_meg-qsp_cf_2-768x550.jpg 768w, https:\/\/na.abetlaminati.com\/wp-content\/uploads\/sites\/8\/2023\/11\/img-sito_meg-qsp_cf_2-1536x1100.jpg 1536w\" sizes=\"(max-width: 2000px) 100vw, 2000px\" \/>\t\t\t\t\t\t\t\t\t\t\t\t\t\t\t<\/div>\n\t\t\t\t<\/div>\n\t\t\t\t\t<\/div>\n\t\t<\/div>\n\t\t\t\t\t<\/div>\n\t\t<\/section>\n\t\t\t\t<\/div>\n\t\t","protected":false},"excerpt":{"rendered":"<p>Dise\u00f1o limpio y moderno. El sistema de sujetadores ocultos (CF) de MEG QSP. Paneles macizos con n\u00facleo fen\u00f3lico y sistema de fijaci\u00f3n oculto para uso como revestimiento exterior de junta abierta en un sistema de fachada ventilada. Los paneles se fijan a un sistema de subestructura de una pulgada con sujetadores ocultos. Se requiere que [&hellip;]<\/p>\n","protected":false},"author":1,"featured_media":0,"parent":0,"menu_order":0,"comment_status":"closed","ping_status":"closed","template":"","meta":{"_acf_changed":false,"footnotes":""},"class_list":["post-32146","page","type-page","status-publish","hentry"],"acf":[],"yoast_head":"<!-- This site is optimized with the Yoast SEO plugin v25.7 - https:\/\/yoast.com\/wordpress\/plugins\/seo\/ -->\n<title>Sujetadores Ocultos | ABET Laminati North America<\/title>\n<meta name=\"description\" content=\"MEG QSP ofrece dos sistemas de fijaci\u00f3n diferentes: sujetadores expuestos y sujetadores ocultos, una soluci\u00f3n innovadora y de dise\u00f1o limpio.\" \/>\n<meta name=\"robots\" content=\"index, follow, max-snippet:-1, max-image-preview:large, max-video-preview:-1\" \/>\n<link rel=\"canonical\" href=\"https:\/\/na.abetlaminati.com\/es\/sujetadores-ocultos\/\" \/>\n<meta property=\"og:locale\" content=\"es_ES\" \/>\n<meta property=\"og:type\" content=\"article\" \/>\n<meta property=\"og:title\" content=\"Sujetadores Ocultos | ABET Laminati North America\" \/>\n<meta property=\"og:description\" content=\"MEG QSP ofrece dos sistemas de fijaci\u00f3n diferentes: sujetadores expuestos y sujetadores ocultos, una soluci\u00f3n innovadora y de dise\u00f1o limpio.\" \/>\n<meta property=\"og:url\" content=\"https:\/\/na.abetlaminati.com\/es\/sujetadores-ocultos\/\" \/>\n<meta property=\"og:site_name\" content=\"ABET Laminati North America\" \/>\n<meta property=\"article:modified_time\" content=\"2025-09-16T09:47:25+00:00\" \/>\n<meta property=\"og:image\" content=\"https:\/\/na.abetlaminati.com\/wp-content\/uploads\/sites\/8\/2023\/11\/img-sito_meg-qsp_cf_1.jpg\" \/>\n\t<meta property=\"og:image:width\" content=\"2000\" \/>\n\t<meta property=\"og:image:height\" content=\"1432\" \/>\n\t<meta property=\"og:image:type\" content=\"image\/jpeg\" \/>\n<script type=\"application\/ld+json\" class=\"yoast-schema-graph\">{\"@context\":\"https:\/\/schema.org\",\"@graph\":[{\"@type\":\"WebPage\",\"@id\":\"https:\/\/na.abetlaminati.com\/es\/sujetadores-ocultos\/\",\"url\":\"https:\/\/na.abetlaminati.com\/es\/sujetadores-ocultos\/\",\"name\":\"Sujetadores Ocultos | ABET Laminati North America\",\"isPartOf\":{\"@id\":\"https:\/\/na.abetlaminati.com\/#website\"},\"primaryImageOfPage\":{\"@id\":\"https:\/\/na.abetlaminati.com\/es\/sujetadores-ocultos\/#primaryimage\"},\"image\":{\"@id\":\"https:\/\/na.abetlaminati.com\/es\/sujetadores-ocultos\/#primaryimage\"},\"thumbnailUrl\":\"https:\/\/na.abetlaminati.com\/wp-content\/uploads\/sites\/8\/2023\/11\/img-sito_meg-qsp_cf_1.jpg\",\"datePublished\":\"2025-09-16T09:39:26+00:00\",\"dateModified\":\"2025-09-16T09:47:25+00:00\",\"description\":\"MEG QSP ofrece dos sistemas de fijaci\u00f3n diferentes: sujetadores expuestos y sujetadores ocultos, una soluci\u00f3n innovadora y de dise\u00f1o limpio.\",\"breadcrumb\":{\"@id\":\"https:\/\/na.abetlaminati.com\/es\/sujetadores-ocultos\/#breadcrumb\"},\"inLanguage\":\"es\",\"potentialAction\":[{\"@type\":\"ReadAction\",\"target\":[\"https:\/\/na.abetlaminati.com\/es\/sujetadores-ocultos\/\"]}]},{\"@type\":\"ImageObject\",\"inLanguage\":\"es\",\"@id\":\"https:\/\/na.abetlaminati.com\/es\/sujetadores-ocultos\/#primaryimage\",\"url\":\"https:\/\/na.abetlaminati.com\/wp-content\/uploads\/sites\/8\/2023\/11\/img-sito_meg-qsp_cf_1.jpg\",\"contentUrl\":\"https:\/\/na.abetlaminati.com\/wp-content\/uploads\/sites\/8\/2023\/11\/img-sito_meg-qsp_cf_1.jpg\"},{\"@type\":\"BreadcrumbList\",\"@id\":\"https:\/\/na.abetlaminati.com\/es\/sujetadores-ocultos\/#breadcrumb\",\"itemListElement\":[{\"@type\":\"ListItem\",\"position\":1,\"name\":\"Home\",\"item\":\"https:\/\/na.abetlaminati.com\/es\/\"},{\"@type\":\"ListItem\",\"position\":2,\"name\":\"Sujetadores Ocultos\"}]},{\"@type\":\"WebSite\",\"@id\":\"https:\/\/na.abetlaminati.com\/#website\",\"url\":\"https:\/\/na.abetlaminati.com\/\",\"name\":\"Abet Laminati\",\"description\":\"High-Quality Laminate Panels\",\"potentialAction\":[{\"@type\":\"SearchAction\",\"target\":{\"@type\":\"EntryPoint\",\"urlTemplate\":\"https:\/\/na.abetlaminati.com\/?s={search_term_string}\"},\"query-input\":{\"@type\":\"PropertyValueSpecification\",\"valueRequired\":true,\"valueName\":\"search_term_string\"}}],\"inLanguage\":\"es\"}]}<\/script>\n<!-- \/ Yoast SEO plugin. -->","yoast_head_json":{"title":"Sujetadores Ocultos | ABET Laminati North America","description":"MEG QSP ofrece dos sistemas de fijaci\u00f3n diferentes: sujetadores expuestos y sujetadores ocultos, una soluci\u00f3n innovadora y de dise\u00f1o limpio.","robots":{"index":"index","follow":"follow","max-snippet":"max-snippet:-1","max-image-preview":"max-image-preview:large","max-video-preview":"max-video-preview:-1"},"canonical":"https:\/\/na.abetlaminati.com\/es\/sujetadores-ocultos\/","og_locale":"es_ES","og_type":"article","og_title":"Sujetadores Ocultos | ABET Laminati North America","og_description":"MEG QSP ofrece dos sistemas de fijaci\u00f3n diferentes: sujetadores expuestos y sujetadores ocultos, una soluci\u00f3n innovadora y de dise\u00f1o limpio.","og_url":"https:\/\/na.abetlaminati.com\/es\/sujetadores-ocultos\/","og_site_name":"ABET Laminati North America","article_modified_time":"2025-09-16T09:47:25+00:00","og_image":[{"width":2000,"height":1432,"url":"https:\/\/na.abetlaminati.com\/wp-content\/uploads\/sites\/8\/2023\/11\/img-sito_meg-qsp_cf_1.jpg","type":"image\/jpeg"}],"schema":{"@context":"https:\/\/schema.org","@graph":[{"@type":"WebPage","@id":"https:\/\/na.abetlaminati.com\/es\/sujetadores-ocultos\/","url":"https:\/\/na.abetlaminati.com\/es\/sujetadores-ocultos\/","name":"Sujetadores Ocultos | ABET Laminati North America","isPartOf":{"@id":"https:\/\/na.abetlaminati.com\/#website"},"primaryImageOfPage":{"@id":"https:\/\/na.abetlaminati.com\/es\/sujetadores-ocultos\/#primaryimage"},"image":{"@id":"https:\/\/na.abetlaminati.com\/es\/sujetadores-ocultos\/#primaryimage"},"thumbnailUrl":"https:\/\/na.abetlaminati.com\/wp-content\/uploads\/sites\/8\/2023\/11\/img-sito_meg-qsp_cf_1.jpg","datePublished":"2025-09-16T09:39:26+00:00","dateModified":"2025-09-16T09:47:25+00:00","description":"MEG QSP ofrece dos sistemas de fijaci\u00f3n diferentes: sujetadores expuestos y sujetadores ocultos, una soluci\u00f3n innovadora y de dise\u00f1o limpio.","breadcrumb":{"@id":"https:\/\/na.abetlaminati.com\/es\/sujetadores-ocultos\/#breadcrumb"},"inLanguage":"es","potentialAction":[{"@type":"ReadAction","target":["https:\/\/na.abetlaminati.com\/es\/sujetadores-ocultos\/"]}]},{"@type":"ImageObject","inLanguage":"es","@id":"https:\/\/na.abetlaminati.com\/es\/sujetadores-ocultos\/#primaryimage","url":"https:\/\/na.abetlaminati.com\/wp-content\/uploads\/sites\/8\/2023\/11\/img-sito_meg-qsp_cf_1.jpg","contentUrl":"https:\/\/na.abetlaminati.com\/wp-content\/uploads\/sites\/8\/2023\/11\/img-sito_meg-qsp_cf_1.jpg"},{"@type":"BreadcrumbList","@id":"https:\/\/na.abetlaminati.com\/es\/sujetadores-ocultos\/#breadcrumb","itemListElement":[{"@type":"ListItem","position":1,"name":"Home","item":"https:\/\/na.abetlaminati.com\/es\/"},{"@type":"ListItem","position":2,"name":"Sujetadores Ocultos"}]},{"@type":"WebSite","@id":"https:\/\/na.abetlaminati.com\/#website","url":"https:\/\/na.abetlaminati.com\/","name":"Abet Laminati","description":"High-Quality Laminate Panels","potentialAction":[{"@type":"SearchAction","target":{"@type":"EntryPoint","urlTemplate":"https:\/\/na.abetlaminati.com\/?s={search_term_string}"},"query-input":{"@type":"PropertyValueSpecification","valueRequired":true,"valueName":"search_term_string"}}],"inLanguage":"es"}]}},"_links":{"self":[{"href":"https:\/\/na.abetlaminati.com\/es\/wp-json\/wp\/v2\/pages\/32146","targetHints":{"allow":["GET"]}}],"collection":[{"href":"https:\/\/na.abetlaminati.com\/es\/wp-json\/wp\/v2\/pages"}],"about":[{"href":"https:\/\/na.abetlaminati.com\/es\/wp-json\/wp\/v2\/types\/page"}],"author":[{"embeddable":true,"href":"https:\/\/na.abetlaminati.com\/es\/wp-json\/wp\/v2\/users\/1"}],"replies":[{"embeddable":true,"href":"https:\/\/na.abetlaminati.com\/es\/wp-json\/wp\/v2\/comments?post=32146"}],"version-history":[{"count":4,"href":"https:\/\/na.abetlaminati.com\/es\/wp-json\/wp\/v2\/pages\/32146\/revisions"}],"predecessor-version":[{"id":32155,"href":"https:\/\/na.abetlaminati.com\/es\/wp-json\/wp\/v2\/pages\/32146\/revisions\/32155"}],"wp:attachment":[{"href":"https:\/\/na.abetlaminati.com\/es\/wp-json\/wp\/v2\/media?parent=32146"}],"curies":[{"name":"wp","href":"https:\/\/api.w.org\/{rel}","templated":true}]}}