{"id":32125,"date":"2025-09-16T11:23:43","date_gmt":"2025-09-16T09:23:43","guid":{"rendered":"https:\/\/na.abetlaminati.com\/exposed-fasteners\/"},"modified":"2025-09-16T11:31:49","modified_gmt":"2025-09-16T09:31:49","slug":"fixations-apparentes","status":"publish","type":"page","link":"https:\/\/na.abetlaminati.com\/fr\/fixations-apparentes\/","title":{"rendered":"Fixations Apparentes"},"content":{"rendered":"\t\t<div data-elementor-type=\"wp-page\" data-elementor-id=\"32125\" class=\"elementor elementor-32125 elementor-32119\" data-elementor-post-type=\"page\">\n\t\t\t\t\t\t<section class=\"elementor-section elementor-top-section elementor-element elementor-element-6c7428ca elementor-section-boxed elementor-section-height-default elementor-section-height-default\" data-id=\"6c7428ca\" data-element_type=\"section\">\n\t\t\t\t\t\t<div class=\"elementor-container elementor-column-gap-default\">\n\t\t\t\t\t<div class=\"elementor-column elementor-col-50 elementor-top-column elementor-element elementor-element-66cfdcbd\" data-id=\"66cfdcbd\" data-element_type=\"column\">\n\t\t\t<div class=\"elementor-widget-wrap elementor-element-populated\">\n\t\t\t\t\t\t<div class=\"elementor-element elementor-element-6c39a52 elementor-widget elementor-widget-heading\" data-id=\"6c39a52\" data-element_type=\"widget\" data-widget_type=\"heading.default\">\n\t\t\t\t<div class=\"elementor-widget-container\">\n\t\t\t\t\t<h2 class=\"elementor-heading-title elementor-size-default\">Fixations Apparentes<\/h2>\t\t\t\t<\/div>\n\t\t\t\t<\/div>\n\t\t\t\t\t<\/div>\n\t\t<\/div>\n\t\t\t\t<div class=\"elementor-column elementor-col-50 elementor-top-column elementor-element elementor-element-3766cba1\" data-id=\"3766cba1\" data-element_type=\"column\">\n\t\t\t<div class=\"elementor-widget-wrap\">\n\t\t\t\t\t\t\t<\/div>\n\t\t<\/div>\n\t\t\t\t\t<\/div>\n\t\t<\/section>\n\t\t\t\t<section class=\"elementor-section elementor-top-section elementor-element elementor-element-3b7ad09a elementor-section-boxed elementor-section-height-default elementor-section-height-default\" data-id=\"3b7ad09a\" data-element_type=\"section\">\n\t\t\t\t\t\t<div class=\"elementor-container elementor-column-gap-default\">\n\t\t\t\t\t<div class=\"elementor-column elementor-col-100 elementor-top-column elementor-element elementor-element-50e173c2\" data-id=\"50e173c2\" data-element_type=\"column\">\n\t\t\t<div class=\"elementor-widget-wrap elementor-element-populated\">\n\t\t\t\t\t\t<div class=\"elementor-element elementor-element-36a2508 elementor-widget elementor-widget-image\" data-id=\"36a2508\" data-element_type=\"widget\" data-widget_type=\"image.default\">\n\t\t\t\t<div class=\"elementor-widget-container\">\n\t\t\t\t\t\t\t\t\t\t\t\t\t\t\t<img fetchpriority=\"high\" decoding=\"async\" width=\"2000\" height=\"1432\" src=\"https:\/\/na.abetlaminati.com\/wp-content\/uploads\/sites\/8\/2023\/11\/img-sito_meg-qsp_ec_1.jpg\" class=\"attachment-2048x2048 size-2048x2048 wp-image-21214\" alt=\"\" srcset=\"https:\/\/na.abetlaminati.com\/wp-content\/uploads\/sites\/8\/2023\/11\/img-sito_meg-qsp_ec_1.jpg 2000w, https:\/\/na.abetlaminati.com\/wp-content\/uploads\/sites\/8\/2023\/11\/img-sito_meg-qsp_ec_1-300x215.jpg 300w, https:\/\/na.abetlaminati.com\/wp-content\/uploads\/sites\/8\/2023\/11\/img-sito_meg-qsp_ec_1-1024x733.jpg 1024w, https:\/\/na.abetlaminati.com\/wp-content\/uploads\/sites\/8\/2023\/11\/img-sito_meg-qsp_ec_1-768x550.jpg 768w, https:\/\/na.abetlaminati.com\/wp-content\/uploads\/sites\/8\/2023\/11\/img-sito_meg-qsp_ec_1-1536x1100.jpg 1536w\" sizes=\"(max-width: 2000px) 100vw, 2000px\" \/>\t\t\t\t\t\t\t\t\t\t\t\t\t\t\t<\/div>\n\t\t\t\t<\/div>\n\t\t\t\t\t<\/div>\n\t\t<\/div>\n\t\t\t\t\t<\/div>\n\t\t<\/section>\n\t\t\t\t<section class=\"elementor-section elementor-top-section elementor-element elementor-element-12323cc2 elementor-section-boxed elementor-section-height-default elementor-section-height-default\" data-id=\"12323cc2\" data-element_type=\"section\">\n\t\t\t\t\t\t<div class=\"elementor-container elementor-column-gap-default\">\n\t\t\t\t\t<div class=\"elementor-column elementor-col-50 elementor-top-column elementor-element elementor-element-66762c2a\" data-id=\"66762c2a\" data-element_type=\"column\">\n\t\t\t<div class=\"elementor-widget-wrap elementor-element-populated\">\n\t\t\t\t\t\t<div class=\"elementor-element elementor-element-64cfcf79 elementor-widget elementor-widget-text-editor\" data-id=\"64cfcf79\" data-element_type=\"widget\" data-widget_type=\"text-editor.default\">\n\t\t\t\t<div class=\"elementor-widget-container\">\n\t\t\t\t\t\t\t\t\tSimple, \u00e9conomique et polyvalent.\nLe syst\u00e8me Fixations apparentes (EF)\nMEG QSP.\t\t\t\t\t\t\t\t<\/div>\n\t\t\t\t<\/div>\n\t\t\t\t\t<\/div>\n\t\t<\/div>\n\t\t\t\t<div class=\"elementor-column elementor-col-50 elementor-top-column elementor-element elementor-element-4ac4e7f8\" data-id=\"4ac4e7f8\" data-element_type=\"column\">\n\t\t\t<div class=\"elementor-widget-wrap elementor-element-populated\">\n\t\t\t\t\t\t<div class=\"elementor-element elementor-element-5b348042 elementor-widget elementor-widget-text-editor\" data-id=\"5b348042\" data-element_type=\"widget\" data-widget_type=\"text-editor.default\">\n\t\t\t\t<div class=\"elementor-widget-container\">\n\t\t\t\t\t\t\t\t\tPanneaux \u00e0 \u00e2me en r\u00e9sine ph\u00e9nolique pleine et syst\u00e8me d\u2019ancrage apparent pour utilisation comme rev\u00eatement ext\u00e9rieur \u00e0 joint ouvert dans un syst\u00e8me de fa\u00e7ade ventil\u00e9e.\nLes panneaux se fixent \u00e0 un syst\u00e8me de sous-cadre d\u2019un pouce avec des ancrages apparents.\nLes panneaux architecturaux MEG QSP n\u00e9cessitent une circulation d\u2019air libre derri\u00e8re le syst\u00e8me de panneaux.\t\t\t\t\t\t\t\t<\/div>\n\t\t\t\t<\/div>\n\t\t\t\t\t<\/div>\n\t\t<\/div>\n\t\t\t\t\t<\/div>\n\t\t<\/section>\n\t\t\t\t<section class=\"elementor-section elementor-top-section elementor-element elementor-element-3c5a356f elementor-section-boxed elementor-section-height-default elementor-section-height-default\" data-id=\"3c5a356f\" data-element_type=\"section\">\n\t\t\t\t\t\t<div class=\"elementor-container elementor-column-gap-default\">\n\t\t\t\t\t<div class=\"elementor-column elementor-col-100 elementor-top-column elementor-element elementor-element-373dbfc1\" data-id=\"373dbfc1\" data-element_type=\"column\">\n\t\t\t<div class=\"elementor-widget-wrap elementor-element-populated\">\n\t\t\t\t\t\t<div class=\"elementor-element elementor-element-7fcee2c4 elementor-widget elementor-widget-image\" data-id=\"7fcee2c4\" data-element_type=\"widget\" data-widget_type=\"image.default\">\n\t\t\t\t<div class=\"elementor-widget-container\">\n\t\t\t\t\t\t\t\t\t\t\t\t\t\t\t<img decoding=\"async\" width=\"1520\" height=\"912\" src=\"https:\/\/na.abetlaminati.com\/wp-content\/uploads\/sites\/8\/2023\/11\/img-sito_easy-meg_EF_scheme.jpg\" class=\"attachment-2048x2048 size-2048x2048 wp-image-21240\" alt=\"\" srcset=\"https:\/\/na.abetlaminati.com\/wp-content\/uploads\/sites\/8\/2023\/11\/img-sito_easy-meg_EF_scheme.jpg 1520w, https:\/\/na.abetlaminati.com\/wp-content\/uploads\/sites\/8\/2023\/11\/img-sito_easy-meg_EF_scheme-300x180.jpg 300w, https:\/\/na.abetlaminati.com\/wp-content\/uploads\/sites\/8\/2023\/11\/img-sito_easy-meg_EF_scheme-1024x614.jpg 1024w, https:\/\/na.abetlaminati.com\/wp-content\/uploads\/sites\/8\/2023\/11\/img-sito_easy-meg_EF_scheme-768x461.jpg 768w\" sizes=\"(max-width: 1520px) 100vw, 1520px\" \/>\t\t\t\t\t\t\t\t\t\t\t\t\t\t\t<\/div>\n\t\t\t\t<\/div>\n\t\t\t\t\t<\/div>\n\t\t<\/div>\n\t\t\t\t\t<\/div>\n\t\t<\/section>\n\t\t\t\t<section class=\"elementor-section elementor-top-section elementor-element elementor-element-71f1fd74 elementor-section-boxed elementor-section-height-default elementor-section-height-default\" data-id=\"71f1fd74\" data-element_type=\"section\">\n\t\t\t\t\t\t<div class=\"elementor-container elementor-column-gap-default\">\n\t\t\t\t\t<div class=\"elementor-column elementor-col-50 elementor-top-column elementor-element elementor-element-5e7ebff5\" data-id=\"5e7ebff5\" data-element_type=\"column\">\n\t\t\t<div class=\"elementor-widget-wrap elementor-element-populated\">\n\t\t\t\t\t\t<div class=\"elementor-element elementor-element-4251748e elementor-widget elementor-widget-text-editor\" data-id=\"4251748e\" data-element_type=\"widget\" data-widget_type=\"text-editor.default\">\n\t\t\t\t<div class=\"elementor-widget-container\">\n\t\t\t\t\t\t\t\t\tId\u00e9al pour les panneaux et les planches grand format et les g\u00e9om\u00e9tries complexes.\t\t\t\t\t\t\t\t<\/div>\n\t\t\t\t<\/div>\n\t\t\t\t<div class=\"elementor-element elementor-element-d190a1 elementor-align-center elementor-widget__width-inherit elementor-widget elementor-widget-button\" data-id=\"d190a1\" data-element_type=\"widget\" data-widget_type=\"button.default\">\n\t\t\t\t<div class=\"elementor-widget-container\">\n\t\t\t\t\t\t\t\t\t<div class=\"elementor-button-wrapper\">\n\t\t\t\t\t<a class=\"elementor-button elementor-button-link elementor-size-md\" href=\"https:\/\/na.abetlaminati.com\/wp-content\/uploads\/sites\/8\/2023\/11\/EF_MEG-QSP_ProductDataSheet_081123_low.pdf\" target=\"_blank\">\n\t\t\t\t\t\t<span class=\"elementor-button-content-wrapper\">\n\t\t\t\t\t\t\t\t\t<span class=\"elementor-button-text\">Fiche technique du produit<\/span>\n\t\t\t\t\t<\/span>\n\t\t\t\t\t<\/a>\n\t\t\t\t<\/div>\n\t\t\t\t\t\t\t\t<\/div>\n\t\t\t\t<\/div>\n\t\t\t\t\t<\/div>\n\t\t<\/div>\n\t\t\t\t<div class=\"elementor-column elementor-col-50 elementor-top-column elementor-element elementor-element-782fa0f5\" data-id=\"782fa0f5\" data-element_type=\"column\">\n\t\t\t<div class=\"elementor-widget-wrap elementor-element-populated\">\n\t\t\t\t\t\t<div class=\"elementor-element elementor-element-150f6573 elementor-widget elementor-widget-text-editor\" data-id=\"150f6573\" data-element_type=\"widget\" data-widget_type=\"text-editor.default\">\n\t\t\t\t<div class=\"elementor-widget-container\">\n\t\t\t\t\t\t\t\t\t<p>S\u2019ajuste facilement autour des fen\u00eatres et autres variations de b\u00e2timent ou g\u00e9om\u00e9trie compliqu\u00e9e. Les ancrages de couleur assortie ou d\u2019accentuation ajoutent un habillage de fa\u00e7ade design ou une touche d\u00e9corative.<br>\nLes panneaux peuvent \u00eatre fabriqu\u00e9s sur place ou en usine, peu importe leur taille.<\/p><p><span style=\"font-size: 18px; letter-spacing: 0.03em; word-spacing: 0.07em;\">Pour le syst\u00e8me apparent (EF), une distance minimale de 3\/8 po doit \u00eatre maintenue entre les planches pour parer au mouvement hygrothermique.<\/span><\/p>\t\t\t\t\t\t\t\t<\/div>\n\t\t\t\t<\/div>\n\t\t\t\t\t<\/div>\n\t\t<\/div>\n\t\t\t\t\t<\/div>\n\t\t<\/section>\n\t\t\t\t<section class=\"elementor-section elementor-top-section elementor-element elementor-element-2487d806 elementor-section-boxed elementor-section-height-default elementor-section-height-default\" data-id=\"2487d806\" data-element_type=\"section\">\n\t\t\t\t\t\t<div class=\"elementor-container elementor-column-gap-default\">\n\t\t\t\t\t<div class=\"elementor-column elementor-col-100 elementor-top-column elementor-element elementor-element-36b2a1ab\" data-id=\"36b2a1ab\" data-element_type=\"column\">\n\t\t\t<div class=\"elementor-widget-wrap elementor-element-populated\">\n\t\t\t\t\t\t<div class=\"elementor-element elementor-element-3b1e3621 elementor-widget elementor-widget-image\" data-id=\"3b1e3621\" data-element_type=\"widget\" data-widget_type=\"image.default\">\n\t\t\t\t<div class=\"elementor-widget-container\">\n\t\t\t\t\t\t\t\t\t\t\t\t\t\t\t<img decoding=\"async\" width=\"2000\" height=\"1432\" src=\"https:\/\/na.abetlaminati.com\/wp-content\/uploads\/sites\/8\/2023\/11\/img-sito_meg-qsp_ec_cover.jpg\" class=\"attachment-2048x2048 size-2048x2048 wp-image-21211\" alt=\"\" srcset=\"https:\/\/na.abetlaminati.com\/wp-content\/uploads\/sites\/8\/2023\/11\/img-sito_meg-qsp_ec_cover.jpg 2000w, https:\/\/na.abetlaminati.com\/wp-content\/uploads\/sites\/8\/2023\/11\/img-sito_meg-qsp_ec_cover-300x215.jpg 300w, https:\/\/na.abetlaminati.com\/wp-content\/uploads\/sites\/8\/2023\/11\/img-sito_meg-qsp_ec_cover-1024x733.jpg 1024w, https:\/\/na.abetlaminati.com\/wp-content\/uploads\/sites\/8\/2023\/11\/img-sito_meg-qsp_ec_cover-768x550.jpg 768w, https:\/\/na.abetlaminati.com\/wp-content\/uploads\/sites\/8\/2023\/11\/img-sito_meg-qsp_ec_cover-1536x1100.jpg 1536w\" sizes=\"(max-width: 2000px) 100vw, 2000px\" \/>\t\t\t\t\t\t\t\t\t\t\t\t\t\t\t<\/div>\n\t\t\t\t<\/div>\n\t\t\t\t\t<\/div>\n\t\t<\/div>\n\t\t\t\t\t<\/div>\n\t\t<\/section>\n\t\t\t\t<\/div>\n\t\t","protected":false},"excerpt":{"rendered":"<p>Simple, \u00e9conomique et polyvalent. Le syst\u00e8me Fixations apparentes (EF) MEG QSP.Panneaux \u00e0 \u00e2me en r\u00e9sine ph\u00e9nolique pleine et syst\u00e8me d\u2019ancrage apparent pour utilisation comme rev\u00eatement ext\u00e9rieur \u00e0 joint ouvert dans un syst\u00e8me de fa\u00e7ade ventil\u00e9e. Les panneaux se fixent \u00e0 un syst\u00e8me de sous-cadre d\u2019un pouce avec des ancrages apparents. Les panneaux architecturaux MEG QSP [&hellip;]<\/p>\n","protected":false},"author":1,"featured_media":0,"parent":0,"menu_order":0,"comment_status":"closed","ping_status":"closed","template":"","meta":{"_acf_changed":false,"footnotes":""},"class_list":["post-32125","page","type-page","status-publish","hentry"],"acf":[],"yoast_head":"<!-- This site is optimized with the Yoast SEO plugin v25.7 - https:\/\/yoast.com\/wordpress\/plugins\/seo\/ -->\n<title>Fixations Apparentes | ABET Laminati North America<\/title>\n<meta name=\"description\" content=\"Deux syst\u00e8mes d\u2019ancrage diff\u00e9rents sont offerts pour les panneaux MEG\u00a0QSP\u00a0: ancrages apparents et ancrages dissimul\u00e9s.\" \/>\n<meta name=\"robots\" content=\"index, follow, max-snippet:-1, max-image-preview:large, max-video-preview:-1\" \/>\n<link rel=\"canonical\" href=\"https:\/\/na.abetlaminati.com\/fr\/fixations-apparentes\/\" \/>\n<meta property=\"og:locale\" content=\"fr_FR\" \/>\n<meta property=\"og:type\" content=\"article\" \/>\n<meta property=\"og:title\" content=\"Fixations Apparentes | ABET Laminati North America\" \/>\n<meta property=\"og:description\" content=\"Deux syst\u00e8mes d\u2019ancrage diff\u00e9rents sont offerts pour les panneaux MEG\u00a0QSP\u00a0: ancrages apparents et ancrages dissimul\u00e9s.\" \/>\n<meta property=\"og:url\" content=\"https:\/\/na.abetlaminati.com\/fr\/fixations-apparentes\/\" \/>\n<meta property=\"og:site_name\" content=\"ABET Laminati North America\" \/>\n<meta property=\"article:modified_time\" content=\"2025-09-16T09:31:49+00:00\" \/>\n<meta property=\"og:image\" content=\"https:\/\/na.abetlaminati.com\/wp-content\/uploads\/sites\/8\/2023\/11\/img-sito_meg-qsp_ec_1.jpg\" \/>\n\t<meta property=\"og:image:width\" content=\"2000\" \/>\n\t<meta property=\"og:image:height\" content=\"1432\" \/>\n\t<meta property=\"og:image:type\" content=\"image\/jpeg\" \/>\n<script type=\"application\/ld+json\" class=\"yoast-schema-graph\">{\"@context\":\"https:\/\/schema.org\",\"@graph\":[{\"@type\":\"WebPage\",\"@id\":\"https:\/\/na.abetlaminati.com\/fr\/fixations-apparentes\/\",\"url\":\"https:\/\/na.abetlaminati.com\/fr\/fixations-apparentes\/\",\"name\":\"Fixations Apparentes | ABET Laminati North America\",\"isPartOf\":{\"@id\":\"https:\/\/na.abetlaminati.com\/#website\"},\"primaryImageOfPage\":{\"@id\":\"https:\/\/na.abetlaminati.com\/fr\/fixations-apparentes\/#primaryimage\"},\"image\":{\"@id\":\"https:\/\/na.abetlaminati.com\/fr\/fixations-apparentes\/#primaryimage\"},\"thumbnailUrl\":\"https:\/\/na.abetlaminati.com\/wp-content\/uploads\/sites\/8\/2023\/11\/img-sito_meg-qsp_ec_1.jpg\",\"datePublished\":\"2025-09-16T09:23:43+00:00\",\"dateModified\":\"2025-09-16T09:31:49+00:00\",\"description\":\"Deux syst\u00e8mes d\u2019ancrage diff\u00e9rents sont offerts pour les panneaux MEG\u00a0QSP\u00a0: ancrages apparents et ancrages dissimul\u00e9s.\",\"breadcrumb\":{\"@id\":\"https:\/\/na.abetlaminati.com\/fr\/fixations-apparentes\/#breadcrumb\"},\"inLanguage\":\"fr-FR\",\"potentialAction\":[{\"@type\":\"ReadAction\",\"target\":[\"https:\/\/na.abetlaminati.com\/fr\/fixations-apparentes\/\"]}]},{\"@type\":\"ImageObject\",\"inLanguage\":\"fr-FR\",\"@id\":\"https:\/\/na.abetlaminati.com\/fr\/fixations-apparentes\/#primaryimage\",\"url\":\"https:\/\/na.abetlaminati.com\/wp-content\/uploads\/sites\/8\/2023\/11\/img-sito_meg-qsp_ec_1.jpg\",\"contentUrl\":\"https:\/\/na.abetlaminati.com\/wp-content\/uploads\/sites\/8\/2023\/11\/img-sito_meg-qsp_ec_1.jpg\"},{\"@type\":\"BreadcrumbList\",\"@id\":\"https:\/\/na.abetlaminati.com\/fr\/fixations-apparentes\/#breadcrumb\",\"itemListElement\":[{\"@type\":\"ListItem\",\"position\":1,\"name\":\"Home\",\"item\":\"https:\/\/na.abetlaminati.com\/fr\/\"},{\"@type\":\"ListItem\",\"position\":2,\"name\":\"Fixations Apparentes\"}]},{\"@type\":\"WebSite\",\"@id\":\"https:\/\/na.abetlaminati.com\/#website\",\"url\":\"https:\/\/na.abetlaminati.com\/\",\"name\":\"Abet Laminati\",\"description\":\"High-Quality Laminate Panels\",\"potentialAction\":[{\"@type\":\"SearchAction\",\"target\":{\"@type\":\"EntryPoint\",\"urlTemplate\":\"https:\/\/na.abetlaminati.com\/?s={search_term_string}\"},\"query-input\":{\"@type\":\"PropertyValueSpecification\",\"valueRequired\":true,\"valueName\":\"search_term_string\"}}],\"inLanguage\":\"fr-FR\"}]}<\/script>\n<!-- \/ Yoast SEO plugin. -->","yoast_head_json":{"title":"Fixations Apparentes | ABET Laminati North America","description":"Deux syst\u00e8mes d\u2019ancrage diff\u00e9rents sont offerts pour les panneaux MEG\u00a0QSP\u00a0: ancrages apparents et ancrages dissimul\u00e9s.","robots":{"index":"index","follow":"follow","max-snippet":"max-snippet:-1","max-image-preview":"max-image-preview:large","max-video-preview":"max-video-preview:-1"},"canonical":"https:\/\/na.abetlaminati.com\/fr\/fixations-apparentes\/","og_locale":"fr_FR","og_type":"article","og_title":"Fixations Apparentes | ABET Laminati North America","og_description":"Deux syst\u00e8mes d\u2019ancrage diff\u00e9rents sont offerts pour les panneaux MEG\u00a0QSP\u00a0: ancrages apparents et ancrages dissimul\u00e9s.","og_url":"https:\/\/na.abetlaminati.com\/fr\/fixations-apparentes\/","og_site_name":"ABET Laminati North America","article_modified_time":"2025-09-16T09:31:49+00:00","og_image":[{"width":2000,"height":1432,"url":"https:\/\/na.abetlaminati.com\/wp-content\/uploads\/sites\/8\/2023\/11\/img-sito_meg-qsp_ec_1.jpg","type":"image\/jpeg"}],"schema":{"@context":"https:\/\/schema.org","@graph":[{"@type":"WebPage","@id":"https:\/\/na.abetlaminati.com\/fr\/fixations-apparentes\/","url":"https:\/\/na.abetlaminati.com\/fr\/fixations-apparentes\/","name":"Fixations Apparentes | ABET Laminati North America","isPartOf":{"@id":"https:\/\/na.abetlaminati.com\/#website"},"primaryImageOfPage":{"@id":"https:\/\/na.abetlaminati.com\/fr\/fixations-apparentes\/#primaryimage"},"image":{"@id":"https:\/\/na.abetlaminati.com\/fr\/fixations-apparentes\/#primaryimage"},"thumbnailUrl":"https:\/\/na.abetlaminati.com\/wp-content\/uploads\/sites\/8\/2023\/11\/img-sito_meg-qsp_ec_1.jpg","datePublished":"2025-09-16T09:23:43+00:00","dateModified":"2025-09-16T09:31:49+00:00","description":"Deux syst\u00e8mes d\u2019ancrage diff\u00e9rents sont offerts pour les panneaux MEG\u00a0QSP\u00a0: ancrages apparents et ancrages dissimul\u00e9s.","breadcrumb":{"@id":"https:\/\/na.abetlaminati.com\/fr\/fixations-apparentes\/#breadcrumb"},"inLanguage":"fr-FR","potentialAction":[{"@type":"ReadAction","target":["https:\/\/na.abetlaminati.com\/fr\/fixations-apparentes\/"]}]},{"@type":"ImageObject","inLanguage":"fr-FR","@id":"https:\/\/na.abetlaminati.com\/fr\/fixations-apparentes\/#primaryimage","url":"https:\/\/na.abetlaminati.com\/wp-content\/uploads\/sites\/8\/2023\/11\/img-sito_meg-qsp_ec_1.jpg","contentUrl":"https:\/\/na.abetlaminati.com\/wp-content\/uploads\/sites\/8\/2023\/11\/img-sito_meg-qsp_ec_1.jpg"},{"@type":"BreadcrumbList","@id":"https:\/\/na.abetlaminati.com\/fr\/fixations-apparentes\/#breadcrumb","itemListElement":[{"@type":"ListItem","position":1,"name":"Home","item":"https:\/\/na.abetlaminati.com\/fr\/"},{"@type":"ListItem","position":2,"name":"Fixations Apparentes"}]},{"@type":"WebSite","@id":"https:\/\/na.abetlaminati.com\/#website","url":"https:\/\/na.abetlaminati.com\/","name":"Abet Laminati","description":"High-Quality Laminate Panels","potentialAction":[{"@type":"SearchAction","target":{"@type":"EntryPoint","urlTemplate":"https:\/\/na.abetlaminati.com\/?s={search_term_string}"},"query-input":{"@type":"PropertyValueSpecification","valueRequired":true,"valueName":"search_term_string"}}],"inLanguage":"fr-FR"}]}},"_links":{"self":[{"href":"https:\/\/na.abetlaminati.com\/fr\/wp-json\/wp\/v2\/pages\/32125","targetHints":{"allow":["GET"]}}],"collection":[{"href":"https:\/\/na.abetlaminati.com\/fr\/wp-json\/wp\/v2\/pages"}],"about":[{"href":"https:\/\/na.abetlaminati.com\/fr\/wp-json\/wp\/v2\/types\/page"}],"author":[{"embeddable":true,"href":"https:\/\/na.abetlaminati.com\/fr\/wp-json\/wp\/v2\/users\/1"}],"replies":[{"embeddable":true,"href":"https:\/\/na.abetlaminati.com\/fr\/wp-json\/wp\/v2\/comments?post=32125"}],"version-history":[{"count":4,"href":"https:\/\/na.abetlaminati.com\/fr\/wp-json\/wp\/v2\/pages\/32125\/revisions"}],"predecessor-version":[{"id":32130,"href":"https:\/\/na.abetlaminati.com\/fr\/wp-json\/wp\/v2\/pages\/32125\/revisions\/32130"}],"wp:attachment":[{"href":"https:\/\/na.abetlaminati.com\/fr\/wp-json\/wp\/v2\/media?parent=32125"}],"curies":[{"name":"wp","href":"https:\/\/api.w.org\/{rel}","templated":true}]}}